
{"id":3789,"date":"2016-02-10T17:57:01","date_gmt":"2016-02-10T16:57:01","guid":{"rendered":"https:\/\/przedszkole4.edu.wroclaw.pl\/?page_id=3789"},"modified":"2026-03-04T21:41:44","modified_gmt":"2026-03-04T20:41:44","slug":"rekrutacja","status":"publish","type":"page","link":"https:\/\/przedszkole4.edu.wroclaw.pl\/index.php\/rekrutacja\/","title":{"rendered":"Rekrutacja"},"content":{"rendered":"<div class=\"wpb-content-wrapper\"><p>[vc_row][vc_column width=&#8221;2\/3&#8243;][vc_column_text css=&#8221;&#8221;]<\/p>\n<h2 style=\"text-align: center\"><\/h2>\n<h2 style=\"text-align: center\"><span style=\"color: #3366ff;font-size: 24px\">REKRUTACJA NA ROK SZKOLNY 2026\/2027<\/span><\/h2>\n<p style=\"text-align: center\"><strong><span style=\"color: #ff6600\">Mamy wolne miejsca w grupie integracyjnej dla dzieci 4,5-letnich z orzeczeniem o potrzebie kszta\u0142cenia specjalnego.<\/span><\/strong><\/p>\n<p style=\"text-align: center\"><strong>Rekrutacja prowadzona jest w systemie elektronicznym poprzez stron\u0119 <span style=\"color: #008000\"><a style=\"color: #008000\" href=\"https:\/\/rekrutacje.edu.wroclaw.pl\/formico-public\/\" target=\"_blank\" rel=\"noopener\">rekrutacje.edu.wroclaw.pl<\/a><\/span><\/strong><\/p>\n<p style=\"text-align: center\"><strong>W dniach 20-25 marca 2026 elektroniczny system rekrutacji dost\u0119pny jest 24 godziny na dob\u0119. W dniu rozpocz\u0119cia rekrutacji tj. 20 marca od godz. 12.00, a w dniu zako\u0144czenia tj. 25 marca\u00a0 do godz. 15.00. <\/strong><\/p>\n<p style=\"text-align: center\"><strong>W przypadku braku mo\u017cliwo\u015bci skorzystania z systemu elektronicznego istnieje mo\u017cliwo\u015b\u0107 z\u0142o\u017cenia wniosku wraz z za\u0142\u0105cznikami bezpo\u015brednio w plac\u00f3wce.<\/strong><\/p>\n<p style=\"text-align: center\"><strong>Post\u0119powanie rekrutacyjne przeprowadza komisja rekrutacyjna powo\u0142ana przez dyrektora w plac\u00f3wce.<\/strong><\/p>\n<h2 style=\"text-align: center\"><strong>Dodatkowe informacje &#8211; przygotowanie dokument\u00f3w<\/strong><\/h2>\n<p style=\"text-align: center\"><strong>1\/ Przygotowanie do wprowadzenia wniosku w systemie<\/strong><\/p>\n<ul style=\"text-align: center\">\n<li>Przygotowanie skan\u00f3w dokument\u00f3w (zatrudnienie, niepe\u0142nosprawno\u015b\u0107, piecza zast\u0119pcza, \u017c\u0142obki)<\/li>\n<li>Wype\u0142nione aktywne pdf pobrane ze strony, zapisane w formacie pdf<\/li>\n<\/ul>\n<p style=\"text-align: center\"><strong>2\/ Rozmiar za\u0142\u0105cznik\u00f3w do 5 MB<\/strong><\/p>\n<p style=\"text-align: center\"><strong>3\/ Nasz Wroc\u0142aw\/ Nasz Wroc\u0142aw MAX<\/strong><\/p>\n<p style=\"text-align: center\">Wniosku nie nale\u017cy wype\u0142nia\u0107 w dniu, w kt\u00f3rym pobra\u0142o si\u0119 aplikacj\u0119 Nasz Wroc\u0142aw\/ Nasz Wroc\u0142aw MAX<\/p>\n<p style=\"text-align: center\"><a href=\"https:\/\/przedszkole4.edu.wroclaw.pl\/wp-content\/uploads\/sites\/11\/2023\/05\/unnamed.png\"><img loading=\"lazy\" decoding=\"async\" class=\"alignnone size-full wp-image-31973\" src=\"https:\/\/przedszkole4.edu.wroclaw.pl\/wp-content\/uploads\/sites\/11\/2023\/05\/unnamed.png\" alt=\"\" width=\"278\" height=\"172\" \/><\/a><\/p>\n<p style=\"text-align: center\"><strong><span style=\"color: #ff6600\">Ze wzgl\u0119du na trwaj\u0105cy remont elewacji przedszkola Dzie\u0144 otwartych drzwi dla zainteresowanych rekrutacj\u0105 do naszej plac\u00f3wki planujemy zorganizowa\u0107 przed II etapem rekrutacji (w maju &#8211; po zako\u0144czeniu remontu). O terminie poinformujemy na stronie naszej internetowej oraz FB.<\/span><\/strong><\/p>\n<p>[\/vc_column_text][vc_btn title=&#8221;Wirtualny spacer po przedszkolu&#8221; style=&#8221;3d&#8221; color=&#8221;primary&#8221; align=&#8221;center&#8221; css=&#8221;&#8221; button_block=&#8221;true&#8221; link=&#8221;url:https%3A%2F%2Fview.genially.com%2F60258d39def9800dab24746b%2Fpresentation-przedszkole-nr-4-we-wroclawiu|target:_blank&#8221;][\/vc_column][vc_column width=&#8221;1\/3&#8243;][vc_column_text]<\/p>\n<p><a href=\"https:\/\/przedszkole4.edu.wroclaw.pl\/wp-content\/uploads\/sites\/11\/2016\/02\/logo_wroclawka_edukacja.png\" rel=\"attachment wp-att-3796\"><img loading=\"lazy\" decoding=\"async\" class=\"alignnone size-medium wp-image-3796\" src=\"https:\/\/przedszkole4.edu.wroclaw.pl\/wp-content\/uploads\/sites\/11\/2016\/02\/logo_wroclawka_edukacja-300x141.png\" alt=\"logo_wroclawka_edukacja\" width=\"300\" height=\"141\" srcset=\"https:\/\/przedszkole4.edu.wroclaw.pl\/wp-content\/uploads\/sites\/11\/2016\/02\/logo_wroclawka_edukacja-300x141.png 300w, https:\/\/przedszkole4.edu.wroclaw.pl\/wp-content\/uploads\/sites\/11\/2016\/02\/logo_wroclawka_edukacja.png 422w\" sizes=\"auto, (max-width: 300px) 100vw, 300px\" \/><\/a><\/p>\n<p>[\/vc_column_text][vc_btn title=&#8221;PODSTAWY PRAWNE REKRUTACJI&#8221; style=&#8221;3d&#8221; color=&#8221;green&#8221; align=&#8221;center&#8221; css=&#8221;&#8221; button_block=&#8221;true&#8221; link=&#8221;url:https%3A%2F%2Fprzedszkole4.edu.wroclaw.pl%2Fwp-content%2Fuploads%2Fsites%2F11%2F2026%2F02%2FPODSTAWY-PRAWNE.pdf|target:_blank&#8221;][vc_btn title=&#8221;UDZIA\u0141 W REKRUTACJI&#8221; style=&#8221;3d&#8221; color=&#8221;green&#8221; align=&#8221;center&#8221; css=&#8221;&#8221; button_block=&#8221;true&#8221; link=&#8221;url:https%3A%2F%2Fprzedszkole4.edu.wroclaw.pl%2Fwp-content%2Fuploads%2Fsites%2F11%2F2026%2F02%2FUDZIAL-W-REKRUTACJI.pdf|target:_blank&#8221;][vc_btn title=&#8221;HARMONOGRAM -etap I&#8221; style=&#8221;3d&#8221; color=&#8221;green&#8221; align=&#8221;center&#8221; css=&#8221;&#8221; button_block=&#8221;true&#8221; link=&#8221;url:https%3A%2F%2Fprzedszkole4.edu.wroclaw.pl%2Fwp-content%2Fuploads%2Fsites%2F11%2F2026%2F02%2FHARMONOGRAM-DLA-RODZICOW-ETAP-PODSTAWOWY.pdf|target:_blank&#8221;][vc_btn title=&#8221;HARMONOGRAM &#8211; etap II&#8221; style=&#8221;3d&#8221; color=&#8221;green&#8221; align=&#8221;center&#8221; css=&#8221;&#8221; button_block=&#8221;true&#8221; link=&#8221;url:https%3A%2F%2Fprzedszkole4.edu.wroclaw.pl%2Fwp-content%2Fuploads%2Fsites%2F11%2F2026%2F02%2FHARMONOGRAM-DLA-RODZICOW-ETAP-UZUPELNIAJACY.pdf|target:_blank&#8221;][vc_btn title=&#8221;KRYTERIA&#8221; style=&#8221;3d&#8221; color=&#8221;green&#8221; align=&#8221;center&#8221; css=&#8221;&#8221; button_block=&#8221;true&#8221; link=&#8221;url:https%3A%2F%2Fprzedszkole4.edu.wroclaw.pl%2Fwp-content%2Fuploads%2Fsites%2F11%2F2026%2F02%2FKRYTERIA-.pdf|target:_blank&#8221;][vc_btn title=&#8221;Dzieci o specjalnych potrzebach&#8221; style=&#8221;3d&#8221; color=&#8221;green&#8221; align=&#8221;center&#8221; css=&#8221;&#8221; button_block=&#8221;true&#8221; link=&#8221;url:https%3A%2F%2Fprzedszkole4.edu.wroclaw.pl%2Fwp-content%2Fuploads%2Fsites%2F11%2F2026%2F02%2FDZIECI-O-SPECJALNYCH-POTRZEBACH.pdf|target:_blank&#8221;][vc_btn title=&#8221;KONTYNUACJA&#8221; style=&#8221;3d&#8221; color=&#8221;green&#8221; align=&#8221;center&#8221; css=&#8221;&#8221; button_block=&#8221;true&#8221; link=&#8221;url:https%3A%2F%2Fprzedszkole4.edu.wroclaw.pl%2Fwp-content%2Fuploads%2Fsites%2F11%2F2025%2F02%2F04-KONTYNUACJE.pdf|target:_blank&#8221;][vc_btn title=&#8221;SAMOTNE WYCHOWYWANIE DZIECI&#8221; style=&#8221;3d&#8221; color=&#8221;green&#8221; align=&#8221;center&#8221; css=&#8221;&#8221; button_block=&#8221;true&#8221; link=&#8221;url:https%3A%2F%2Fprzedszkole4.edu.wroclaw.pl%2Fwp-content%2Fuploads%2Fsites%2F11%2F2026%2F02%2FSAMOTNE-WYCHOWANIE.pdf|target:_blank&#8221;][vc_btn title=&#8221;DOCH\u00d3D&#8221; style=&#8221;3d&#8221; color=&#8221;green&#8221; align=&#8221;center&#8221; css=&#8221;&#8221; button_block=&#8221;true&#8221; link=&#8221;url:https%3A%2F%2Fprzedszkole4.edu.wroclaw.pl%2Fwp-content%2Fuploads%2Fsites%2F11%2F2026%2F02%2FDOCHOD.pdf|target:_blank&#8221;][vc_row_inner][vc_column_inner][vc_btn title=&#8221;BIULETYN INFORMACYJNY&#8221; color=&#8221;warning&#8221; align=&#8221;center&#8221; css=&#8221;&#8221; button_block=&#8221;true&#8221; link=&#8221;url:https%3A%2F%2Fprzedszkole4.edu.wroclaw.pl%2Fwp-content%2Fuploads%2Fsites%2F11%2F2026%2F02%2FBIULETYN-INFORMACYJNY.pdf|target:_blank&#8221;][\/vc_column_inner][\/vc_row_inner][\/vc_column][\/vc_row][vc_row][vc_column][\/vc_column][\/vc_row]<\/p>\n<\/div>","protected":false},"excerpt":{"rendered":"<p>[vc_row][vc_column width=&#8221;2\/3&#8243;][vc_column_text css=&#8221;&#8221;] REKRUTACJA NA ROK SZKOLNY 2026\/2027 Mamy wolne miejsca w grupie integracyjnej dla dzieci 4,5-letnich z orzeczeniem o potrzebie kszta\u0142cenia specjalnego. Rekrutacja prowadzona jest w systemie elektronicznym poprzez [&hellip;]<\/p>\n","protected":false},"author":18,"featured_media":0,"parent":0,"menu_order":0,"comment_status":"closed","ping_status":"closed","template":"","meta":{"footnotes":""},"class_list":["post-3789","page","type-page","status-publish","hentry","clearfix"],"_links":{"self":[{"href":"https:\/\/przedszkole4.edu.wroclaw.pl\/index.php\/wp-json\/wp\/v2\/pages\/3789","targetHints":{"allow":["GET"]}}],"collection":[{"href":"https:\/\/przedszkole4.edu.wroclaw.pl\/index.php\/wp-json\/wp\/v2\/pages"}],"about":[{"href":"https:\/\/przedszkole4.edu.wroclaw.pl\/index.php\/wp-json\/wp\/v2\/types\/page"}],"author":[{"embeddable":true,"href":"https:\/\/przedszkole4.edu.wroclaw.pl\/index.php\/wp-json\/wp\/v2\/users\/18"}],"replies":[{"embeddable":true,"href":"https:\/\/przedszkole4.edu.wroclaw.pl\/index.php\/wp-json\/wp\/v2\/comments?post=3789"}],"version-history":[{"count":110,"href":"https:\/\/przedszkole4.edu.wroclaw.pl\/index.php\/wp-json\/wp\/v2\/pages\/3789\/revisions"}],"predecessor-version":[{"id":43179,"href":"https:\/\/przedszkole4.edu.wroclaw.pl\/index.php\/wp-json\/wp\/v2\/pages\/3789\/revisions\/43179"}],"wp:attachment":[{"href":"https:\/\/przedszkole4.edu.wroclaw.pl\/index.php\/wp-json\/wp\/v2\/media?parent=3789"}],"curies":[{"name":"wp","href":"https:\/\/api.w.org\/{rel}","templated":true}]}}