
{"id":29083,"date":"2022-11-02T12:05:00","date_gmt":"2022-11-02T11:05:00","guid":{"rendered":"https:\/\/przedszkole4.edu.wroclaw.pl\/?page_id=29083"},"modified":"2026-01-21T11:01:38","modified_gmt":"2026-01-21T10:01:38","slug":"logopeda","status":"publish","type":"page","link":"https:\/\/przedszkole4.edu.wroclaw.pl\/index.php\/logopeda\/","title":{"rendered":"Logopeda, psycholog, pedagog specjalny"},"content":{"rendered":"<div class=\"wpb-content-wrapper\"><p>[vc_row][vc_column css=&#8221;.vc_custom_1677159199007{background-color: #69af36 !important;}&#8221;][vc_tta_tabs][vc_tta_section title=&#8221;Pedagog specjalny&#8221; tab_id=&#8221;1677159232015-b9a77741-ffcd&#8221;][vc_column_text]Do zada\u0144 pedagoga specjalnego w codziennej pracy nale\u017c\u0105:<\/p>\n<ul>\n<li>prowadzenie dzia\u0142a\u0144 diagnostycznych w celu rozpoznania indywidualnych potrzeb rozwojowych i edukacyjnych oraz mo\u017cliwo\u015bci psychofizycznych dzieci, okre\u015blenia ich mocnych stron, predyspozycji, zainteresowa\u0144 i uzdolnie\u0144 oraz przyczyn niepowodze\u0144 edukacyjnych lub trudno\u015bci w funkcjonowaniu w plac\u00f3wce;<\/li>\n<li>rozwi\u0105zywanie problem\u00f3w dydaktycznych i wychowawczych dzieci;<\/li>\n<li>wczesna interwencja w przypadku rozpoznania u dziecka potrzeby dodatkowego wsparcia;<\/li>\n<li>udzielanie pomocy psychologiczno-pedagogicznej w bezpo\u015bredniej pracy z dzieckiem &#8211; prowadzenie zaj\u0119\u0107 indywidualnych i grupowych w specjalnie przygotowanej w tym celu sali terapeutycznej;<\/li>\n<li>wsp\u00f3\u0142praca z rodzicami dzieci<\/li>\n<\/ul>\n<ul>\n<li>konsultacje i wsparcie w przypadku pojawienia si\u0119 problem\u00f3w dydaktycznych lub wychowawczych u dziecka,<\/li>\n<li>wskazanie kierunk\u00f3w post\u0119powania w danym przypadku (skierowanie do poradni psychologiczno-pedagogicznej, wskazanie zaj\u0119\u0107 specjalistycznych poza plac\u00f3wk\u0105, rekomendacja rodzaj\u00f3w terapii specjalistycznych itp.);<\/li>\n<li>wsp\u00f3\u0142praca z innymi nauczycielami w zakresie funkcjonowania dzieci w poszczeg\u00f3lnych grupach.<\/li>\n<\/ul>\n<p><strong>Wszystkich zainteresowanych rodzic\u00f3w serdecznie zach\u0119camy do kontaktu z naszym pedagogiem specjalnym, p. Marcelem Gomanem: margom4939@edu.wroclaw.pl<\/strong>[\/vc_column_text][\/vc_tta_section][vc_tta_section title=&#8221;Logopeda&#8221; tab_id=&#8221;1677159232007-87227109-1637&#8243;][vc_column_text]Zaj\u0119cia logopedyczne wychodz\u0105 naprzeciw potrzebom j\u0119zykowym dzieci. G\u0142\u00f3wnym celem tych zaj\u0119\u0107 jest profilaktyka wad wymowy i zaburze\u0144 mowy, a tak\u017ce wspomaganie rozwoju kompetencji j\u0119zykowych, kt\u00f3re decydowa\u0107 b\u0119d\u0105 o powodzeniu i sukcesach dziecka w edukacji szkolnej. Nie mniej wa\u017cna jest tak\u017ce korekta powsta\u0142ych ju\u017c wad czy zaburze\u0144. Okres przedszkolny to czas, kiedy terapia jest najbardziej efektywna. Nie wolno czeka\u0107 w nadziei, \u017ce dziecko wyro\u015bnie, \u017ce jeszcze dojrzeje i zaczyna\u0107 terapi\u0119 dopiero w szkole. Wprawdzie na terapi\u0119 nigdy nie jest za p\u00f3\u017ano, ale b\u0119dzie to zadanie z r\u00f3\u017cnych powod\u00f3w o wiele trudniejsze.<\/p>\n<p><strong>Zach\u0119camy rodzic\u00f3w do kontaktu z naszym nauczycielem-logoped\u0105, Pani\u0105 Beat\u0105 Sasak: Beata.Sasak@wroclawskaedukacja.pl<\/strong>[\/vc_column_text][\/vc_tta_section][vc_tta_section title=&#8221;Psycholog&#8221; tab_id=&#8221;1677159391649-b6cfc18a-53c2&#8243;][vc_column_text css=&#8221;&#8221;]<strong>Pomoc psychologiczna w przedszkolu polega na wspomaganiu rozwoju dziecka:<\/strong><\/p>\n<ul>\n<li><strong>w sferze emocjonalnej<\/strong> (psychoedukacja na temat w\u0142asnych emocji i uczu\u0107)<\/li>\n<li><strong>w sferze spo\u0142ecznej<\/strong> (\u0107wiczenia we wsp\u00f3\u0142pracy i rozwijaniu wra\u017cliwo\u015bci na drugiego cz\u0142owieka)<\/li>\n<li><strong>w sferze komunikacyjnej<\/strong> (\u0107wiczenia w s\u0142ownym rozwi\u0105zywaniu problem\u00f3w)<\/li>\n<li><strong>w sferze poznawczej<\/strong> (\u0107wiczenia funkcji poznawczych np. koncentracja uwagi, pami\u0119\u0107)<\/li>\n<\/ul>\n<p><strong>Do zada\u0144 psychologa nale\u017cy<\/strong>:<\/p>\n<ul>\n<li>diagnozowanie indywidualnych potrzeb rozwojowych i edukacyjnych dzieci<\/li>\n<li>prowadzenie dzia\u0142a\u0144 mediacyjnych w sytuacjach kryzysowych z innymi dzie\u0107mi<\/li>\n<li>udzielanie dzieciom pomocy psychologiczno-pedagogicznej w formach odpowiednich do rozpoznanych potrzeb<\/li>\n<li>prowadzenie zaj\u0119\u0107 z zakresu profilaktyki zdrowia psychicznego<\/li>\n<li>pomoc rodzicom w formie konsultacji indywidualnych<\/li>\n<\/ul>\n<p>Praca psychologa z dzieckiem odbywa si\u0119 w formie zabawy dostosowanej do wieku i rozwoju dziecka. W ramach pomocy psychologicznej oferowane s\u0105 tak\u017ce konsultacje dla rodzic\u00f3w \/ opiekun\u00f3w w temacie rozwoju i wsparcia psychologicznego dziecka. Praca psychologa obj\u0119ta jest tajemnic\u0105 zawodow\u0105, a rodzice s\u0105 informowani o wszelkich post\u0119pach w pracy z dzieckiem.<\/p>\n<p><strong>\u00a0<\/strong>Zapraszamy do kontaktu<\/p>\n<p>psycholog Katarzyna Kozera<\/p>\n<p>katkoz2792@edu.wroclaw.pl[\/vc_column_text][\/vc_tta_section][vc_tta_section title=&#8221;Terapeuta SI&#8221; tab_id=&#8221;1768989244327-9d57c164-f9ff&#8221;][vc_column_text css=&#8221;&#8221;]Integracja sensoryczna to istotny proces w rozwoju dziecka, kt\u00f3ry polega na uporz\u0105dkowaniu i interpretacji bod\u017ac\u00f3w sensorycznych przez m\u00f3zg . To zdolno\u015b\u0107 umo\u017cliwiaj\u0105ca skuteczn\u0105 reakcj\u0119 na informacje p\u0142yn\u0105ce z otoczenia. Proces ten jest fundamentem nauki, zachowania i codziennych interakcji, a jego istotno\u015b\u0107 si\u0119ga \u017cycia p\u0142odowego, towarzysz\u0105c nam przez ca\u0142e \u017cycie.<\/p>\n<h2 id=\"6970a2da9dfb0\" data-asw-org-font-size=\"22\">Terapia integracji sensorycznej<\/h2>\n<p data-asw-org-font-size=\"16\">Terapia integracji sensorycznej (SI) jest procesem terapeutycznym, kt\u00f3ry ma na celu wspieranie dzieci w lepszym przetwarzaniu i reagowaniu na informacje z r\u00f3\u017cnych zmys\u0142\u00f3w. Terapia opiera si\u0119 na mechanizmach plastyczno\u015bci neuronalnej, czyli zdolno\u015bci uk\u0142adu nerwowego do adaptacji i zmiany, co umo\u017cliwia odzyskanie utraconych funkcji. Terapia SI ma szereg cel\u00f3w, w tym:<\/p>\n<ul>\n<li data-asw-org-font-size=\"16\">koordynacj\u0119 integralno\u015bci i wsp\u00f3\u0142pracy zmys\u0142\u00f3w,<\/li>\n<li data-asw-org-font-size=\"16\">wzmacnianie lub wyciszanie zaburzonych obszar\u00f3w sensorycznych,<\/li>\n<li data-asw-org-font-size=\"16\">kszta\u0142towanie prawid\u0142owych wzorc\u00f3w ruchowych i stabilnej postawy cia\u0142a,<\/li>\n<li data-asw-org-font-size=\"16\">kontrol\u0119 napi\u0119cia mi\u0119\u015bniowego i r\u00f3wnowagi,<\/li>\n<li data-asw-org-font-size=\"16\">rozwini\u0119cie orientacji przestrzennej i zdolno\u015bci planowania ruchu,<\/li>\n<li data-asw-org-font-size=\"16\">utrzymanie plastyczno\u015bci neuronalnej.<\/li>\n<\/ul>\n<p><strong>\u00a0Zapraszamy do kontaktu<\/strong><\/p>\n<p><strong>Terapeuta SI Kinga Krzykowska<\/strong><\/p>\n<p><strong>kinkrz0798@edu.wroclaw.pl<\/strong>[\/vc_column_text][\/vc_tta_section][vc_tta_section title=&#8221;Telefony zaufania&#8221; tab_id=&#8221;1700222489006-d5c7161b-878b&#8221;][vc_single_image image=&#8221;33542&#8243; img_size=&#8221;large&#8221;][\/vc_tta_section][\/vc_tta_tabs][\/vc_column][\/vc_row][vc_row][vc_column][vc_column_text]<\/p>\n<h1 style=\"text-align: center\"><span style=\"color: #008080\"><strong>Kampania edukacyjna <a href=\"http:\/\/www.wroclaw.pl\/bez-przemocy\" target=\"_blank\" rel=\"noopener\">\u201e#Wroc\u0142awBezPrzemocy\u201d<\/a>.<\/strong><\/span><\/h1>\n<p>[\/vc_column_text][\/vc_column][\/vc_row][vc_row][vc_column][vc_column_text]<\/p>\n<h2><a href=\"https:\/\/przedszkole4.edu.wroclaw.pl\/wp-content\/uploads\/sites\/11\/2023\/11\/ulotki-dorosli.pdf\" target=\"_blank\" rel=\"noopener\">ULOTKA INFORMACYJNA DLA DOROS\u0141YCH<\/a><\/h2>\n<h2>MATERIA\u0141Y FUNDACJI &#8222;<a href=\"https:\/\/fdds.pl\/\" target=\"_blank\" rel=\"noopener\">DAJEMY DZIECIOM SI\u0141\u0118<\/a>&#8222;: <a href=\"https:\/\/fdds.pl\/_Resources\/Persistent\/5\/0\/f\/b\/50fb9f270832968ed3621ce21d0ce42eaf1031fd\/Dzieci%20si%C4%99%20licz%C4%85%202022%20-%20Internet.pdf\" target=\"_blank\" rel=\"noopener\">Zagro\u017cenia dzieci i m\u0142odzie\u017cy zwi\u0105zane z u\u017cywaniem internetu.<\/a><\/h2>\n<h2 class=\"entry-title fusion-responsive-typography-calculated\" data-fontsize=\"28\" data-lineheight=\"36.4px\"><a href=\"https:\/\/www.nonlicet.pl\/cpd\/\" target=\"_blank\" rel=\"noopener\">Centrum Pomocy Dzieciom we Wroc\u0142awiu przy ul. Grabiszy\u0144skiej 35-39<\/a><\/h2>\n<p>[\/vc_column_text][\/vc_column][\/vc_row][vc_row][vc_column][vc_column_text]<\/p>\n<h1 style=\"text-align: center\"><span style=\"color: #008080\"><strong>Kampania edukacyjna \u201e#Rozmawiaj#Reaguj\u201d.<\/strong><\/span><\/h1>\n<p>[\/vc_column_text][\/vc_column][\/vc_row][vc_row][vc_column][vc_column_text]<a href=\"https:\/\/przedszkole4.edu.wroclaw.pl\/wp-content\/uploads\/sites\/11\/2023\/02\/logo.png\"><img loading=\"lazy\" decoding=\"async\" class=\"alignnone wp-image-31107 size-full\" src=\"https:\/\/przedszkole4.edu.wroclaw.pl\/wp-content\/uploads\/sites\/11\/2023\/02\/logo.png\" alt=\"\" width=\"435\" height=\"116\" srcset=\"https:\/\/przedszkole4.edu.wroclaw.pl\/wp-content\/uploads\/sites\/11\/2023\/02\/logo.png 435w, https:\/\/przedszkole4.edu.wroclaw.pl\/wp-content\/uploads\/sites\/11\/2023\/02\/logo-300x80.png 300w\" sizes=\"auto, (max-width: 435px) 100vw, 435px\" \/>\u00a0<\/a><\/p>\n<p>Szanowni Pa\u0144stwo<\/p>\n<p>Przekazujemy Pa\u0144stwu informacje dotycz\u0105ce kampanii spo\u0142ecznej pt.: <em><strong>\u201e#Rozmawiaj#Reaguj\u201d<\/strong><\/em>, przygotowanej przez <strong>Pa\u0144stwow\u0105 Komisj\u0119 do spraw wyja\u015bniania przypadk\u00f3w czynno\u015bci skierowanych przeciwko wolno\u015bci seksualnej i obyczajno\u015bci wobec ma\u0142oletniego poni\u017cej lat 15.<\/strong><\/p>\n<p>Kampania jest skierowana do wszystkich obywateli, w szczeg\u00f3lno\u015bci do opiekun\u00f3w dzieci i m\u0142odzie\u017cy. Jej zadaniem jest zwi\u0119kszenie \u015bwiadomo\u015bci spo\u0142ecznej w zakresie omawianego tematu i wskazanie odpowiednich wzorc\u00f3w zachowa\u0144 w stosunku do dzieci, kt\u00f3re cz\u0119sto niewerbalnie sygnalizuj\u0105, \u017ce zosta\u0142y skrzywdzone.<\/p>\n<p>Z Pierwszego Raportu PKDP wynika, \u017ce ofiarami przemocy seksualnej w Polsce w ubieg\u0142ych latach najcz\u0119\u015bciej by\u0142y dzieci w wieku 13-15 (49%) i 7-12 (41%) lat. W okresie pope\u0142nienia czynu 76% skrzywdzonych dzieci przebywa\u0142o w swoim domu, pod opiek\u0105 rodzic\u00f3w. Niestety w 54% przypadk\u00f3w nikt z najbli\u017cszego otoczenia (rodzice, nauczyciele, krewni) nie zauwa\u017cy\u0142 nic niepokoj\u0105cego. Najcz\u0119\u015bciej samo dziecko ujawnia informacj\u0119, borykaj\u0105c si\u0119 cz\u0119sto z brakiem zaufania doros\u0142ych, pretensjami, negatywn\u0105 ocen\u0105 swojego zachowania. A przecie\u017c czyn zabroniony pope\u0142ni\u0142 doros\u0142y. On jest winny i odpowiedzialny za to co si\u0119 sta\u0142o, za ka\u017cdy akt skrzywdzenia dziecka. <strong>To nigdy nie jest wina dziecka.<\/strong><\/p>\n<p>Przekazujemy Pa\u0144stwu plakaty w formie elektronicznej:<\/p>\n<ul>\n<li><a href=\"https:\/\/przedszkole4.edu.wroclaw.pl\/wp-content\/uploads\/sites\/11\/2023\/02\/nie_zauwazylesv2_compressed.pdf\" target=\"_blank\" rel=\"noopener\">Zauwa\u017c<\/a><\/li>\n<li><a href=\"https:\/\/przedszkole4.edu.wroclaw.pl\/wp-content\/uploads\/sites\/11\/2023\/02\/nie_uwierzylesv2_compressed.pdf\" target=\"_blank\" rel=\"noopener\">Uwierz<\/a><\/li>\n<li><a href=\"https:\/\/przedszkole4.edu.wroclaw.pl\/wp-content\/uploads\/sites\/11\/2023\/02\/nie_rozmawialesv2_compressed.pdf\" target=\"_blank\" rel=\"noopener\">Rozmawiaj<\/a><\/li>\n<\/ul>\n<p>Odczytuj\u0105c zamieszczony na plakacie kod QR, mo\u017cna przenie\u015b\u0107 si\u0119 na stron\u0119 kampanii, gdzie s\u0105 umieszczone wskaz\u00f3wki, kt\u00f3re mog\u0105 pom\u00f3c opiekunowi ma\u0142oletniego poradzi\u0107 sobie z sytuacj\u0105 podejrzenia wykorzystania lub faktu wykorzystania seksualnego dziecka, tak aby m\u00f3g\u0142 da\u0107 ma\u0142oletniemu odpowiednie wsparcie. Jedno ze wskaza\u0144 kampanii to: <strong>\u201eGdy zauwa\u017cysz, \u017ce dziecko jest, m.in.: przygn\u0119bione i zl\u0119knione, izoluje si\u0119, ma problemy w szkole i nisk\u0105 samoocen\u0119, to: rozmawiaj, s\u0142uchaj, uwierz i reaguj. #RozmawiajReaguj\u201d. <\/strong>[\/vc_column_text][\/vc_column][\/vc_row][vc_row][vc_column][vc_column_text]<\/p>\n<h1><\/h1>\n<h1 style=\"text-align: center\"><span style=\"color: #008080\"><strong>Kampania edukacyjna &#8222;Zapobieganie kr\u00f3tkowzroczno\u015bci u dzieci&#8221;.<\/strong><\/span><\/h1>\n<p>[\/vc_column_text][\/vc_column][\/vc_row][vc_row][vc_column][vc_column_text]<a href=\"https:\/\/przedszkole4.edu.wroclaw.pl\/wp-content\/uploads\/sites\/11\/2023\/01\/Zdjecie-wyrozniajace-do-artykulu-2-Jak-dbac-o-wzrok-dziecka-by-zapobiec-krotkowzrocznosci.png\"><img loading=\"lazy\" decoding=\"async\" class=\"alignnone size-medium wp-image-30641\" src=\"https:\/\/przedszkole4.edu.wroclaw.pl\/wp-content\/uploads\/sites\/11\/2023\/01\/Zdjecie-wyrozniajace-do-artykulu-2-Jak-dbac-o-wzrok-dziecka-by-zapobiec-krotkowzrocznosci-300x251.png\" alt=\"\" width=\"300\" height=\"251\" srcset=\"https:\/\/przedszkole4.edu.wroclaw.pl\/wp-content\/uploads\/sites\/11\/2023\/01\/Zdjecie-wyrozniajace-do-artykulu-2-Jak-dbac-o-wzrok-dziecka-by-zapobiec-krotkowzrocznosci-300x251.png 300w, https:\/\/przedszkole4.edu.wroclaw.pl\/wp-content\/uploads\/sites\/11\/2023\/01\/Zdjecie-wyrozniajace-do-artykulu-2-Jak-dbac-o-wzrok-dziecka-by-zapobiec-krotkowzrocznosci-768x644.png 768w, https:\/\/przedszkole4.edu.wroclaw.pl\/wp-content\/uploads\/sites\/11\/2023\/01\/Zdjecie-wyrozniajace-do-artykulu-2-Jak-dbac-o-wzrok-dziecka-by-zapobiec-krotkowzrocznosci-600x503.png 600w, https:\/\/przedszkole4.edu.wroclaw.pl\/wp-content\/uploads\/sites\/11\/2023\/01\/Zdjecie-wyrozniajace-do-artykulu-2-Jak-dbac-o-wzrok-dziecka-by-zapobiec-krotkowzrocznosci.png 940w\" sizes=\"auto, (max-width: 300px) 100vw, 300px\" \/><\/a><a href=\"https:\/\/przedszkole4.edu.wroclaw.pl\/wp-content\/uploads\/sites\/11\/2023\/01\/ART2_str1.png\"><img loading=\"lazy\" decoding=\"async\" class=\"alignnone size-medium wp-image-30642\" src=\"https:\/\/przedszkole4.edu.wroclaw.pl\/wp-content\/uploads\/sites\/11\/2023\/01\/ART2_str1-212x300.png\" alt=\"\" width=\"212\" height=\"300\" srcset=\"https:\/\/przedszkole4.edu.wroclaw.pl\/wp-content\/uploads\/sites\/11\/2023\/01\/ART2_str1-212x300.png 212w, https:\/\/przedszkole4.edu.wroclaw.pl\/wp-content\/uploads\/sites\/11\/2023\/01\/ART2_str1-724x1024.png 724w, https:\/\/przedszkole4.edu.wroclaw.pl\/wp-content\/uploads\/sites\/11\/2023\/01\/ART2_str1-768x1086.png 768w, https:\/\/przedszkole4.edu.wroclaw.pl\/wp-content\/uploads\/sites\/11\/2023\/01\/ART2_str1-600x849.png 600w, https:\/\/przedszkole4.edu.wroclaw.pl\/wp-content\/uploads\/sites\/11\/2023\/01\/ART2_str1-1086x1536.png 1086w, https:\/\/przedszkole4.edu.wroclaw.pl\/wp-content\/uploads\/sites\/11\/2023\/01\/ART2_str1.png 1414w\" sizes=\"auto, (max-width: 212px) 100vw, 212px\" \/><\/a><a href=\"https:\/\/przedszkole4.edu.wroclaw.pl\/wp-content\/uploads\/sites\/11\/2023\/01\/ART2_str2.png\"><img loading=\"lazy\" decoding=\"async\" class=\"alignnone size-medium wp-image-30643\" src=\"https:\/\/przedszkole4.edu.wroclaw.pl\/wp-content\/uploads\/sites\/11\/2023\/01\/ART2_str2-212x300.png\" alt=\"\" width=\"212\" height=\"300\" srcset=\"https:\/\/przedszkole4.edu.wroclaw.pl\/wp-content\/uploads\/sites\/11\/2023\/01\/ART2_str2-212x300.png 212w, https:\/\/przedszkole4.edu.wroclaw.pl\/wp-content\/uploads\/sites\/11\/2023\/01\/ART2_str2-724x1024.png 724w, https:\/\/przedszkole4.edu.wroclaw.pl\/wp-content\/uploads\/sites\/11\/2023\/01\/ART2_str2-768x1086.png 768w, https:\/\/przedszkole4.edu.wroclaw.pl\/wp-content\/uploads\/sites\/11\/2023\/01\/ART2_str2-600x849.png 600w, https:\/\/przedszkole4.edu.wroclaw.pl\/wp-content\/uploads\/sites\/11\/2023\/01\/ART2_str2-1086x1536.png 1086w, https:\/\/przedszkole4.edu.wroclaw.pl\/wp-content\/uploads\/sites\/11\/2023\/01\/ART2_str2.png 1414w\" sizes=\"auto, (max-width: 212px) 100vw, 212px\" \/><\/a><a href=\"https:\/\/przedszkole4.edu.wroclaw.pl\/wp-content\/uploads\/sites\/11\/2023\/01\/ART2_str3.png\"><img loading=\"lazy\" decoding=\"async\" class=\"alignnone size-medium wp-image-30644\" src=\"https:\/\/przedszkole4.edu.wroclaw.pl\/wp-content\/uploads\/sites\/11\/2023\/01\/ART2_str3-212x300.png\" alt=\"\" width=\"212\" height=\"300\" srcset=\"https:\/\/przedszkole4.edu.wroclaw.pl\/wp-content\/uploads\/sites\/11\/2023\/01\/ART2_str3-212x300.png 212w, https:\/\/przedszkole4.edu.wroclaw.pl\/wp-content\/uploads\/sites\/11\/2023\/01\/ART2_str3-724x1024.png 724w, https:\/\/przedszkole4.edu.wroclaw.pl\/wp-content\/uploads\/sites\/11\/2023\/01\/ART2_str3-768x1086.png 768w, https:\/\/przedszkole4.edu.wroclaw.pl\/wp-content\/uploads\/sites\/11\/2023\/01\/ART2_str3-600x849.png 600w, https:\/\/przedszkole4.edu.wroclaw.pl\/wp-content\/uploads\/sites\/11\/2023\/01\/ART2_str3-1086x1536.png 1086w, https:\/\/przedszkole4.edu.wroclaw.pl\/wp-content\/uploads\/sites\/11\/2023\/01\/ART2_str3.png 1414w\" sizes=\"auto, (max-width: 212px) 100vw, 212px\" \/><\/a>[\/vc_column_text][\/vc_column][\/vc_row][vc_row][vc_column][vc_column_text]Zach\u0119camy do przeczytania wywiadu z<b><i> prof. zw. dr hab. n. med. Andrzejem Grzybowskim \u2013 specjalist\u0105 w zakresie okulistyki dzieci\u0119cej, <\/i><\/b>\u00a0przygotowanego w ramach realizowanej kampanii edukacyjnej &#8222;Zapobieganie kr\u00f3tkowzroczno\u015bci u dzieci&#8221;.<\/p>\n<p><a href=\"https:\/\/przedszkole4.edu.wroclaw.pl\/wp-content\/uploads\/sites\/11\/2022\/12\/ARTYKUL-2-Jak-dbac-o-wzrok-dziecka-by-zapobiec-krotkowzrocznosci.pdf\">ARTYKU\u0141 2 Jak dba\u0107 o wzrok dziecka by zapobiec kr\u00f3tkowzroczno\u015bci<\/a><\/p>\n<p>https:\/\/miopia.pl\/na-wzrok-dziecka-czujne-oko-mamy\/[\/vc_column_text][\/vc_column][\/vc_row]<\/p>\n<\/div>","protected":false},"excerpt":{"rendered":"<p>[vc_row][vc_column css=&#8221;.vc_custom_1677159199007{background-color: #69af36 !important;}&#8221;][vc_tta_tabs][vc_tta_section title=&#8221;Pedagog specjalny&#8221; tab_id=&#8221;1677159232015-b9a77741-ffcd&#8221;][vc_column_text]Do zada\u0144 pedagoga specjalnego w codziennej pracy nale\u017c\u0105: prowadzenie dzia\u0142a\u0144 diagnostycznych w celu rozpoznania indywidualnych potrzeb rozwojowych i edukacyjnych oraz mo\u017cliwo\u015bci psychofizycznych dzieci, okre\u015blenia [&hellip;]<\/p>\n","protected":false},"author":7,"featured_media":0,"parent":0,"menu_order":0,"comment_status":"closed","ping_status":"closed","template":"","meta":{"footnotes":""},"class_list":["post-29083","page","type-page","status-publish","hentry","clearfix"],"_links":{"self":[{"href":"https:\/\/przedszkole4.edu.wroclaw.pl\/index.php\/wp-json\/wp\/v2\/pages\/29083","targetHints":{"allow":["GET"]}}],"collection":[{"href":"https:\/\/przedszkole4.edu.wroclaw.pl\/index.php\/wp-json\/wp\/v2\/pages"}],"about":[{"href":"https:\/\/przedszkole4.edu.wroclaw.pl\/index.php\/wp-json\/wp\/v2\/types\/page"}],"author":[{"embeddable":true,"href":"https:\/\/przedszkole4.edu.wroclaw.pl\/index.php\/wp-json\/wp\/v2\/users\/7"}],"replies":[{"embeddable":true,"href":"https:\/\/przedszkole4.edu.wroclaw.pl\/index.php\/wp-json\/wp\/v2\/comments?post=29083"}],"version-history":[{"count":20,"href":"https:\/\/przedszkole4.edu.wroclaw.pl\/index.php\/wp-json\/wp\/v2\/pages\/29083\/revisions"}],"predecessor-version":[{"id":42652,"href":"https:\/\/przedszkole4.edu.wroclaw.pl\/index.php\/wp-json\/wp\/v2\/pages\/29083\/revisions\/42652"}],"wp:attachment":[{"href":"https:\/\/przedszkole4.edu.wroclaw.pl\/index.php\/wp-json\/wp\/v2\/media?parent=29083"}],"curies":[{"name":"wp","href":"https:\/\/api.w.org\/{rel}","templated":true}]}}