
{"id":2865,"date":"2015-11-04T10:33:39","date_gmt":"2015-11-04T09:33:39","guid":{"rendered":"http:\/\/localhost\/p4\/?page_id=2865"},"modified":"2026-04-17T12:09:08","modified_gmt":"2026-04-17T10:09:08","slug":"dokumenty","status":"publish","type":"page","link":"https:\/\/przedszkole4.edu.wroclaw.pl\/index.php\/dokumenty\/","title":{"rendered":"Dokumenty"},"content":{"rendered":"<div class=\"wpb-content-wrapper\"><p>[vc_row][vc_column width=&#8221;2\/3&#8243;][vc_column_text css=&#8221;&#8221;]<\/p>\n<h2><strong>Dokumenty na rok szkolny 2025\/2026:<\/strong><\/h2>\n<ol>\n<li><span style=\"color: #339966\"><a style=\"color: #339966\" href=\"https:\/\/przedszkole4.edu.wroclaw.pl\/wp-content\/uploads\/sites\/11\/2025\/08\/DEKLARACJA-POBYTU-25-26.pdf\" target=\"_blank\" rel=\"noopener\">DEKLARACJA POBYTU DZIECKA W PRZEDSZKOLU &#8211; rok szkolny 2025\/2026<\/a><\/span><\/li>\n<li><span style=\"color: #339966\"><a style=\"color: #339966\" href=\"https:\/\/przedszkole4.edu.wroclaw.pl\/wp-content\/uploads\/sites\/11\/2025\/07\/4.-Upowaznienie-do-odbioru-dziecka-po-poprawkach.pdf\" target=\"_blank\" rel=\"noopener\">Upowa\u017cnienie do odbioru dziecka<\/a><\/span><\/li>\n<li><span style=\"color: #339966\"><a style=\"color: #339966\" href=\"https:\/\/przedszkole4.edu.wroclaw.pl\/wp-content\/uploads\/sites\/11\/2025\/02\/wniosek-o-zwolnienie-z-oplat.pdf\" target=\"_blank\" rel=\"noopener\">Wniosek o zwolnienie z op\u0142aty &#8211; rodzina wielodzietna.<\/a><\/span><\/li>\n<li><span style=\"color: #339966\"><a style=\"color: #339966\" href=\"https:\/\/przedszkole4.edu.wroclaw.pl\/wp-content\/uploads\/sites\/11\/2025\/07\/Oswiadczenie-status-do-SIO.pdf\" target=\"_blank\" rel=\"noopener\">O\u015bwiadczenie dla os\u00f3b posiadaj\u0105cych inne obywatelstwo ni\u017c polskie.<\/a><\/span><\/li>\n<\/ol>\n<h2>Dokumenty do pobrania<\/h2>\n<ul>\n<li><span style=\"color: #ff6600\"><strong><span style=\"color: #ff6600\"><a style=\"color: #ff6600\" href=\"https:\/\/przedszkole4.edu.wroclaw.pl\/wp-content\/uploads\/sites\/11\/2026\/04\/Statut-Przedszkole-nr-4-Slowiczy-Zakatek-26.01.2026.pdf\" target=\"_blank\" rel=\"noopener\">Statut Przedszkola nr 4 S\u0142owiczy Zak\u0105tek<\/a><\/span><\/strong><\/span><\/li>\n<li><span style=\"color: #ff6600\"><strong><span style=\"color: #ff6600\"><a style=\"color: #ff6600\" href=\"https:\/\/przedszkole4.edu.wroclaw.pl\/wp-content\/uploads\/sites\/11\/2025\/02\/P4-Standardy-ochrony-dzieci-w-Przedszkolu-nr-4.pdf\" target=\"_blank\" rel=\"noopener\">Standardy ochrony dzieci w Przedszkolu nr 4 S\u0142owiczy Zak\u0105tek.<\/a><\/span><\/strong><\/span><\/li>\n<li><span style=\"color: #ff6600\"><strong><a style=\"color: #ff6600\" href=\"https:\/\/przedszkole4.edu.wroclaw.pl\/wp-content\/uploads\/sites\/11\/2026\/04\/Standardy-Ochrony-Maloletnich-wersja-obrazkowa.png\" target=\"_blank\" rel=\"noopener\">Standardy ochrony Ma\u0142oletnich &#8211; wersja obrazkowa dla dzieci.<\/a><\/strong><\/span><\/li>\n<li><strong><span style=\"color: #0000ff\"><span style=\"color: #ff6600\"><a style=\"color: #ff6600\" href=\"https:\/\/przedszkole4.edu.wroclaw.pl\/wp-content\/uploads\/sites\/11\/2025\/02\/P4-Polityka-ochrony-dzieci-przed-krzywdzeniem-w-Przedszkolu-nr-4-KKozera.pdf\" target=\"_blank\" rel=\"noopener\">Polityka ochrony dzieci przed krzywdzeniem w Przedszkolu nr 4 S\u0142owiczy Zak\u0105tek<\/a><\/span><\/span><\/strong><\/li>\n<li><strong><span style=\"color: #ff6600\"><a style=\"color: #ff6600\" href=\"https:\/\/przedszkole4.edu.wroclaw.pl\/wp-content\/uploads\/sites\/11\/2017\/08\/PODSTAWA-2017.pdf\" target=\"_blank\" rel=\"noopener noreferrer\">Podstawa programowa wychowania przedszkolnego<\/a><\/span><\/strong><\/li>\n<li><strong><span style=\"color: #339966\"><a style=\"color: #339966\" href=\"https:\/\/przedszkole4.edu.wroclaw.pl\/wp-content\/uploads\/sites\/11\/2025\/02\/PROCEDURY-BEZP.-KONCOWE-13.02.2025.pdf\" target=\"_blank\" rel=\"noopener\">Procedury dotycz\u0105ce zdrowych i bezpiecznych warunk\u00f3w przebywania dzieci w Przedszkolu nr 4 S\u0142owiczy Zak\u0105tek<\/a><\/span><\/strong><\/li>\n<li><strong><span style=\"color: #339966\"><a style=\"color: #339966\" href=\"https:\/\/przedszkole4.edu.wroclaw.pl\/wp-content\/uploads\/sites\/11\/2025\/10\/P4-PROCEDURY_POSTEPOWANIA_podanie-leku-ratujacego-zycie.pdf\">PROCEDURY POST\u0118POWANIA W SYTUACJI NAG\u0141EGO POGORSZENIA STANU ZDROWIA DZIECKA Z CHOROB\u0104 PRZEWLEK\u0141\u0104 w PRZEDSZKOLU NR 4 S\u0142owiczy Zak\u0105tek we Wroc\u0142awiu<\/a><\/span><\/strong><\/li>\n<li><strong><span style=\"color: #339966\"><a style=\"color: #339966\" href=\"https:\/\/przedszkole4.edu.wroclaw.pl\/wp-content\/uploads\/sites\/11\/2020\/01\/PROCEDURY-WYCIECZEK-kopia.pdf\" target=\"_blank\" rel=\"noopener noreferrer\">Procedury organizowania wyj\u015b\u0107 i wycieczek<\/a><\/span><\/strong><\/li>\n<li><span style=\"color: #0000ff\"><a style=\"color: #0000ff\" href=\"https:\/\/przedszkole4.edu.wroclaw.pl\/wp-content\/uploads\/sites\/11\/2025\/02\/PROCEDURA-awaria-ogrzewania-14.02.2025.pdf\" target=\"_blank\" rel=\"noopener\">PROCEDURA DOTYCZ\u0104CA POST\u0118POWANIA W PRZYPADKU AWARII LUB WY\u0141\u0104CZENIA OGRZEWANIA W PRZEDSZKOLU NR 4 S\u0141OWICZY ZAK\u0104TEK<\/a><\/span><\/li>\n<li><span style=\"color: #0000ff\"><a style=\"color: #0000ff\" href=\"https:\/\/przedszkole4.edu.wroclaw.pl\/wp-content\/uploads\/sites\/11\/2025\/02\/PROCEDURA-awaria-pradu-14.02.2025.pdf\" target=\"_blank\" rel=\"noopener\">PROCEDURA DOTYCZ\u0104CA POST\u0118POWANIA W PRZYPADKU AWARII LUB WY\u0141\u0104CZENIA PR\u0104DU W PRZEDSZKOLU NR 4 S\u0141OWICZY ZAK\u0104TEK<\/a><\/span><\/li>\n<li><span style=\"color: #0000ff\"><a style=\"color: #0000ff\" href=\"https:\/\/przedszkole4.edu.wroclaw.pl\/wp-content\/uploads\/sites\/11\/2025\/02\/PROCEDURA-WYDAWANIA-INFORMACJI-O-DZIECKU.pdf\" target=\"_blank\" rel=\"noopener\">PROCEDURA WYDAWANIA PISEMNEJ INFORMACJI O DZIECKU PRZEZ PRZEDSZKOLE NR 4 S\u0141OWICZY ZAK\u0104TEK (WNIOSEK)<\/a><\/span><\/li>\n<li><span style=\"color: #0000ff\"><a style=\"color: #0000ff\" href=\"https:\/\/przedszkole4.edu.wroclaw.pl\/wp-content\/uploads\/sites\/11\/2025\/02\/PROCEDURA-PRZYJMOWANIA-I-ROZPATRYWANIA-SKARG-I-WNIOSKOW.pdf\" target=\"_blank\" rel=\"noopener\">PROCEDURA PRZYJMOWANIA I ROZPATRYWANIA SKARG I WNIOSK\u00d3W W PRZEDSZKOLU NR 4 S\u0141OWICZY ZAK\u0104TEK<\/a><\/span><\/li>\n<\/ul>\n<p>[\/vc_column_text][\/vc_column][vc_column width=&#8221;1\/3&#8243;][vc_column_text]<\/p>\n<p><a href=\"https:\/\/przedszkole4.edu.wroclaw.pl\/wp-content\/uploads\/sites\/11\/2015\/11\/tab-img1.png\"><img loading=\"lazy\" decoding=\"async\" class=\"alignnone size-medium wp-image-3269\" src=\"\/\/przedszkole4.edu.wroclaw.pl\/wp-content\/uploads\/sites\/11\/2015\/11\/tab-img1-285x300.png\" alt=\"tab-img1\" width=\"285\" height=\"300\" srcset=\"https:\/\/przedszkole4.edu.wroclaw.pl\/wp-content\/uploads\/sites\/11\/2015\/11\/tab-img1-285x300.png 285w, https:\/\/przedszkole4.edu.wroclaw.pl\/wp-content\/uploads\/sites\/11\/2015\/11\/tab-img1.png 301w\" sizes=\"auto, (max-width: 285px) 100vw, 285px\" \/><\/a><\/p>\n<p>[\/vc_column_text][\/vc_column][\/vc_row]<\/p>\n<\/div>","protected":false},"excerpt":{"rendered":"<p>[vc_row][vc_column width=&#8221;2\/3&#8243;][vc_column_text css=&#8221;&#8221;] Dokumenty na rok szkolny 2025\/2026: DEKLARACJA POBYTU DZIECKA W PRZEDSZKOLU &#8211; rok szkolny 2025\/2026 Upowa\u017cnienie do odbioru dziecka Wniosek o zwolnienie z op\u0142aty &#8211; rodzina wielodzietna. O\u015bwiadczenie [&hellip;]<\/p>\n","protected":false},"author":7,"featured_media":0,"parent":0,"menu_order":0,"comment_status":"closed","ping_status":"closed","template":"","meta":{"footnotes":""},"class_list":["post-2865","page","type-page","status-publish","hentry","clearfix"],"_links":{"self":[{"href":"https:\/\/przedszkole4.edu.wroclaw.pl\/index.php\/wp-json\/wp\/v2\/pages\/2865","targetHints":{"allow":["GET"]}}],"collection":[{"href":"https:\/\/przedszkole4.edu.wroclaw.pl\/index.php\/wp-json\/wp\/v2\/pages"}],"about":[{"href":"https:\/\/przedszkole4.edu.wroclaw.pl\/index.php\/wp-json\/wp\/v2\/types\/page"}],"author":[{"embeddable":true,"href":"https:\/\/przedszkole4.edu.wroclaw.pl\/index.php\/wp-json\/wp\/v2\/users\/7"}],"replies":[{"embeddable":true,"href":"https:\/\/przedszkole4.edu.wroclaw.pl\/index.php\/wp-json\/wp\/v2\/comments?post=2865"}],"version-history":[{"count":81,"href":"https:\/\/przedszkole4.edu.wroclaw.pl\/index.php\/wp-json\/wp\/v2\/pages\/2865\/revisions"}],"predecessor-version":[{"id":43673,"href":"https:\/\/przedszkole4.edu.wroclaw.pl\/index.php\/wp-json\/wp\/v2\/pages\/2865\/revisions\/43673"}],"wp:attachment":[{"href":"https:\/\/przedszkole4.edu.wroclaw.pl\/index.php\/wp-json\/wp\/v2\/media?parent=2865"}],"curies":[{"name":"wp","href":"https:\/\/api.w.org\/{rel}","templated":true}]}}