
{"id":2860,"date":"2015-11-04T10:20:11","date_gmt":"2015-11-04T09:20:11","guid":{"rendered":"http:\/\/localhost\/p4\/?page_id=2860"},"modified":"2025-09-02T22:24:47","modified_gmt":"2025-09-02T20:24:47","slug":"oplaty","status":"publish","type":"page","link":"https:\/\/przedszkole4.edu.wroclaw.pl\/index.php\/oplaty\/","title":{"rendered":"Op\u0142aty"},"content":{"rendered":"<div class=\"wpb-content-wrapper\"><p>[vc_row][vc_column width=&#8221;2\/3&#8243;][vc_column_text css=&#8221;&#8221;]Op\u0142ata sta\u0142a za godzin\u0119 pobytu dziecka w przedszkolu poza czasem bezp\u0142atnych zaj\u0119\u0107 wynosi <strong>1, 44 <\/strong>z\u0142 naliczane za ka\u017cd\u0105 rozpocz\u0119t\u0105 godzin\u0119, zgodnie z <a href=\"https:\/\/przedszkole4.edu.wroclaw.pl\/wp-content\/uploads\/sites\/11\/2024\/08\/Zarzadzenie-podwyzka-oplat-od-1.09.2024.pdf\" target=\"_blank\" rel=\"noopener\">UCHWA\u0141\u0104 NR III\/18\/24 RADY MIEJSKIEJ WROC\u0141AWIA z dnia 6 czerwca 2024 r.<\/a><\/p>\n<p><span style=\"color: #ff0000\">Op\u0142ata za \u017cywienie od 2 stycznia 2025 r. wynosi<strong> 14,00 <\/strong>z\u0142 (wsad do kot\u0142a) za dzie\u0144.<\/span><\/p>\n<p>Nale\u017cno\u015b\u0107 za przedszkole nale\u017cy wp\u0142aci\u0107 \u00a0do <strong>15 dnia<\/strong>\u00a0nast\u0119pnego miesi\u0105ca na indywidualny numer konta\u00a0widoczny po rozliczeniu miesi\u0105ca.<br \/>\nInformacja o wysoko\u015bci \u00a0nale\u017cno\u015bci wysy\u0142ana jest na e-maila podanego przez rodzica\/opiekuna prawnego.[\/vc_column_text][\/vc_column][vc_column width=&#8221;1\/3&#8243;][vc_column_text]<a href=\"https:\/\/przedszkole4.edu.wroclaw.pl\/wp-content\/uploads\/sites\/11\/2021\/08\/2.jpg\"><img loading=\"lazy\" decoding=\"async\" class=\"alignnone size-medium wp-image-25833\" src=\"https:\/\/przedszkole4.edu.wroclaw.pl\/wp-content\/uploads\/sites\/11\/2021\/08\/2-300x145.jpg\" alt=\"\" width=\"300\" height=\"145\" srcset=\"https:\/\/przedszkole4.edu.wroclaw.pl\/wp-content\/uploads\/sites\/11\/2021\/08\/2-300x145.jpg 300w, https:\/\/przedszkole4.edu.wroclaw.pl\/wp-content\/uploads\/sites\/11\/2021\/08\/2.jpg 323w\" sizes=\"auto, (max-width: 300px) 100vw, 300px\" \/><\/a>[\/vc_column_text][\/vc_column][\/vc_row]<\/p>\n<\/div>","protected":false},"excerpt":{"rendered":"<p>[vc_row][vc_column width=&#8221;2\/3&#8243;][vc_column_text css=&#8221;&#8221;]Op\u0142ata sta\u0142a za godzin\u0119 pobytu dziecka w przedszkolu poza czasem bezp\u0142atnych zaj\u0119\u0107 wynosi 1, 44 z\u0142 naliczane za ka\u017cd\u0105 rozpocz\u0119t\u0105 godzin\u0119, zgodnie z UCHWA\u0141\u0104 NR III\/18\/24 RADY MIEJSKIEJ [&hellip;]<\/p>\n","protected":false},"author":7,"featured_media":0,"parent":0,"menu_order":0,"comment_status":"closed","ping_status":"closed","template":"","meta":{"footnotes":""},"class_list":["post-2860","page","type-page","status-publish","hentry","clearfix"],"_links":{"self":[{"href":"https:\/\/przedszkole4.edu.wroclaw.pl\/index.php\/wp-json\/wp\/v2\/pages\/2860","targetHints":{"allow":["GET"]}}],"collection":[{"href":"https:\/\/przedszkole4.edu.wroclaw.pl\/index.php\/wp-json\/wp\/v2\/pages"}],"about":[{"href":"https:\/\/przedszkole4.edu.wroclaw.pl\/index.php\/wp-json\/wp\/v2\/types\/page"}],"author":[{"embeddable":true,"href":"https:\/\/przedszkole4.edu.wroclaw.pl\/index.php\/wp-json\/wp\/v2\/users\/7"}],"replies":[{"embeddable":true,"href":"https:\/\/przedszkole4.edu.wroclaw.pl\/index.php\/wp-json\/wp\/v2\/comments?post=2860"}],"version-history":[{"count":27,"href":"https:\/\/przedszkole4.edu.wroclaw.pl\/index.php\/wp-json\/wp\/v2\/pages\/2860\/revisions"}],"predecessor-version":[{"id":40810,"href":"https:\/\/przedszkole4.edu.wroclaw.pl\/index.php\/wp-json\/wp\/v2\/pages\/2860\/revisions\/40810"}],"wp:attachment":[{"href":"https:\/\/przedszkole4.edu.wroclaw.pl\/index.php\/wp-json\/wp\/v2\/media?parent=2860"}],"curies":[{"name":"wp","href":"https:\/\/api.w.org\/{rel}","templated":true}]}}