
{"id":264,"date":"2015-04-28T08:29:31","date_gmt":"2015-04-28T08:29:31","guid":{"rendered":"http:\/\/demo.cmssuperheroes.com\/themeforest\/wp-kindergarten\/?page_id=264"},"modified":"2026-01-21T13:48:16","modified_gmt":"2026-01-21T12:48:16","slug":"kontakt","status":"publish","type":"page","link":"https:\/\/przedszkole4.edu.wroclaw.pl\/index.php\/kontakt\/","title":{"rendered":"Kontakt"},"content":{"rendered":"<div class=\"wpb-content-wrapper\"><p>[vc_row full_width=&#8221;1&#8243;][vc_column][vc_raw_html]JTNDaWZyYW1lJTIwd2lkdGglM0QlMjIxMDAlMjUlMjIlMjBoZWlnaHQlM0QlMjI1MDAlMjIlMjBpZCUzRCUyMmdtYXBfY2FudmFzJTIyJTIwc3JjJTNEJTIyaHR0cHMlM0ElMkYlMkZtYXBzLmdvb2dsZS5jb20lMkZtYXBzJTNGcSUzRFMlMjVDNSUyNTgyb3dpY3phJTI1MjA3LTklMjUyQyUyNTIwNTMtMzIwJTI1MjBXcm9jJTI1QzUlMjU4MmF3JTI2dCUzRCUyNnolM0QxMyUyNmllJTNEVVRGOCUyNml3bG9jJTNEJTI2b3V0cHV0JTNEZW1iZWQlMjIlMjBmcmFtZWJvcmRlciUzRCUyMjAlMjIlMjBzY3JvbGxpbmclM0QlMjJubyUyMiUyMG1hcmdpbmhlaWdodCUzRCUyMjAlMjIlMjBtYXJnaW53aWR0aCUzRCUyMjAlMjIlM0UlM0MlMkZpZnJhbWUlM0U=[\/vc_raw_html][\/vc_column][\/vc_row][vc_row row_head_color=&#8221;#575656&#8243;][vc_column width=&#8221;1\/2&#8243; css=&#8221;.vc_custom_1447931732230{background-position: center !important;background-repeat: no-repeat !important;background-size: cover !important;}&#8221;][vc_single_image image=&#8221;3262&#8243; img_size=&#8221;full&#8221;][vc_column_text css=&#8221;&#8221;]<\/p>\n<h4><span style=\"color: #008000\">Sp\u00f3\u017anienia dzieci mo\u017cna zg\u0142asza\u0107 bezpo\u015brednio nauczycielkom w grupach do godziny 8.30.<\/span><\/h4>\n<h4><span style=\"color: #008000\">Telefon 71 798 67 88, numery wewn\u0119trzne do grup przedszkolnych:<\/span><\/h4>\n<h4><span style=\"color: #008000\">Budynek A\u00a0 \u00a0 \u00a0<\/span><\/h4>\n<h4><span style=\"color: #008000\">1A (<\/span><span style=\"color: #008000\">Misie<\/span><span style=\"color: #008000\">) &#8211; 202, 2A (<\/span><span style=\"color: #008000\">Je\u017cyki<\/span><span style=\"color: #008000\">) &#8211; 203, 3A (<\/span><span style=\"color: #008000\">Motylki<\/span><span style=\"color: #008000\">) &#8211; 204, 4A (<\/span><span style=\"color: #008000\">Wiewi\u00f3rki<\/span><span style=\"color: #008000\">)- 205,\u00a0 \u00a0 <\/span><\/h4>\n<h4><span style=\"color: #008000\">Budynek B\u00a0 \u00a0 <\/span><\/h4>\n<h4><span style=\"color: #008000\">\u00a01B\u00a0 &#8211; 206, 2B (<\/span><span style=\"color: #008000\">Zaj\u0105czki<\/span><span style=\"color: #008000\">) &#8211; 207, 3B (<\/span><span style=\"color: #008000\">Pszcz\u00f3\u0142ki<\/span><span style=\"color: #008000\">) &#8211; 208, 4B (<\/span><span style=\"color: #008000\">Biedronki<\/span><span style=\"color: #008000\">)- 209 <\/span><\/h4>\n<h4><span style=\"color: #008000\">Sala specjalist\u00f3w pomocy psychologiczno-pedagogicznej &#8211; 142<\/span><\/h4>\n<p>[\/vc_column_text][\/vc_column][vc_column width=&#8221;1\/2&#8243;][vc_empty_space height=&#8221;20px&#8221;][vc_raw_html css=&#8221;&#8221;]JTNDdGFibGUlM0UlMEElM0N0ciUzRSUwQSUzQ3RkJTNFJTNDc3BhbiUyMGNsYXNzJTNEJTIycGUtcm91bmQlMjIlM0UlM0NzcGFuJTIwY2xhc3MlM0QlMjJmYSUyMGZhLW1hcC1tYXJrZXIlMjBmYS01eCUyMiUyMHN0eWxlJTNEJTIyY29sb3IlM0ElMjAlMjMyZTVlNDYlM0IlMjIlMjAlMjIlM0UlM0MlMkZzcGFuJTNFJTNDJTJGc3BhbiUzRSUyMCUzQyUyRnRkJTNFJTBBJTNDdGQlM0UlM0NiJTIwc3R5bGUlM0QlMjJjb2xvciUzQSUyMzJlNWU0NiUzQiUyMiUzRSUyMFByemVkc3prb2xlJTIwbnIlMjA0JTIwUyVDNSU4Mm93aWN6eSUyMFphayVDNCU4NXRlayUzQ2JyJTIwJTJGJTNFJTBBUyVDNSU4Mm93aWN6YSUyMDctOSUyQyUzQ2JyJTIwJTJGJTNFJTBBNTMtMzIwJTIwV3JvYyVDNSU4MmF3JTNDJTJGYiUzRSUyMCUzQ2JyJTNFJTNDJTJGdGQlM0UlMEElM0MlMkZ0ciUzRSUwQSUwQSUzQyUyRnRhYmxlJTNF[\/vc_raw_html][vc_raw_html css=&#8221;&#8221;]JTNDdGFibGUlM0UlMEElM0N0ciUzRSUwQSUzQ3RkJTNFJTNDc3BhbiUyMGNsYXNzJTNEJTIycGUtcm91bmQlMjIlM0UlM0NzcGFuJTIwY2xhc3MlM0QlMjJmYSUyMGZhLXBob25lJTIwZmEtNXglMjIlMjBzdHlsZSUzRCUyMmNvbG9yJTNBJTIwJTIzMmU1ZTQ2JTNCJTIyJTNFJTNDJTJGc3BhbiUzRSUzQyUyRnNwYW4lM0UlMjAlM0MlMkZ0ZCUzRSUwQSUzQ3RkJTNFJTIwJTNDYiUyMHN0eWxlJTNEJTIyY29sb3IlM0ElMjMyZTVlNDYlM0IlMjIlM0VUZWwuJTIwNzElMjA3OTglMjA2NyUyMDg4JTNDJTJGYiUzRSUzQ2JyJTNFJTBBJTNDc3Ryb25nJTNFemclQzUlODJhc3phbmllJTIwc3AlQzMlQjMlQzUlQkFuaWUlQzUlODQlMjBkemllY2klM0MlMkZzdHJvbmclM0UlMjAlM0NzdHJvbmclM0V3JTIwZ29kemluYWNoJTIwOC4wMCUyMC0lMjA4LjMwJTNBJTNDJTJGc3Ryb25nJTNFJTNDYnIlM0UlMEFidWR5bmVrJTIwQSUyMC0lMjAlMjg3MSUyOSUyMDc5OCUyMDY3JTIwODglMjB3ZXcuJTIwMjAwJTNDYnIlM0UlMEFidWR5bmVrJTIwQiUyMC0lMjAlMjg3MSUyOSUyMDc5OCUyMDY3JTIwODglMjB3ZXcuJTIwMTAwJTIwbHViJTIwMTEzLiUzQ2JyJTNFJTBBU2thcmdpJTIwaSUyMHduaW9za2klMjBkeXJla3RvciUyMHByemVkc3prb2xhJTIwcHJ6eWptdWplJTNDYnIlM0UlMEF3JTIwY3p3YXJ0a2klMkMlMjB3JTIwZ29kemluYWNoJTIwMTIuMDAlMjAtJTIwMTMuMDAuJTBBJTNDJTJGdGQlM0UlMEElM0MlMkZ0ciUzRSUwQSUzQyUyRnRhYmxlJTNFJTBB[\/vc_raw_html][vc_raw_html]JTNDdGFibGUlM0UlMEElM0N0ciUzRSUwQSUzQ3RkJTNFJTNDc3BhbiUyMGNsYXNzJTNEJTIycGUtcm91bmQlMjIlM0UlM0NzcGFuJTIwY2xhc3MlM0QlMjJmYSUyMGZhLWludGVybmV0LWV4cGxvcmVyJTIwZmEtNXglMjIlMjBzdHlsZSUzRCUyMmNvbG9yJTNBJTIwJTIzMmU1ZTQ2JTNCJTIyJTIwJTIyJTNFJTNDJTJGc3BhbiUzRSUzQyUyRnNwYW4lM0UlMjAlM0MlMkZ0ZCUzRSUwQSUzQ3RkJTNFJTNDYiUyMHN0eWxlJTNEJTIyY29sb3IlM0ElMjMyZTVlNDYlM0IlMjIlM0VodHRwJTNBJTJGJTJGcHJ6ZWRzemtvbGU0LmVkdS53cm9jbGF3LnBsJTNDJTJGYiUzRSUzQyUyRnRkJTNFJTBBJTNDJTJGdHIlM0UlMEElM0MlMkZ0YWJsZSUzRSUwQQ==[\/vc_raw_html][vc_raw_html]JTNDdGFibGUlM0UlMEElM0N0ciUzRSUwQSUzQ3RkJTNFJTNDc3BhbiUyMGNsYXNzJTNEJTIycGUtcm91bmQlMjIlM0UlM0NzcGFuJTIwY2xhc3MlM0QlMjJmYSUyMGZhLWVudmVsb3BlJTIwZmEtNXglMjIlMjBzdHlsZSUzRCUyMmNvbG9yJTNBJTIwJTIzMmU1ZTQ2JTNCJTIyJTIwJTIyJTNFJTNDJTJGc3BhbiUzRSUzQyUyRnNwYW4lM0UlMjAlM0MlMkZ0ZCUzRSUwQSUzQ3RkJTNFJTIwJTNDYiUyMHN0eWxlJTNEJTIyY29sb3IlM0ElMjMyZTVlNDYlM0IlMjIlM0VlbWFpbCUzQSUyMCUyMCUzQ2ElMjBocmVmJTIybWFpbHRvJTNBc2VrcmV0YXJpYXQucDA5NiU0MHdyb2NsYXdza2FlZHVrYWNqYS5wbCUyMiUzRXNla3JldGFyaWF0LnAwMDQlNDB3cm9jbGF3c2thZWR1a2FjamEucGwlM0MlMkZhJTNFJTNDJTJGYiUzRSUzQyUyRnRkJTNFJTBBJTNDJTJGdHIlM0UlMEElM0MlMkZ0YWJsZSUzRQ==[\/vc_raw_html][vc_column_text]<img loading=\"lazy\" decoding=\"async\" class=\"wp-image-29480 size-full alignleft\" src=\"https:\/\/przedszkole4.edu.wroclaw.pl\/wp-content\/uploads\/sites\/11\/2022\/11\/epuap2_logo.png\" alt=\"logotyp - EpPUAP\" width=\"188\" height=\"30\" \/> <a href=\"https:\/\/epuap.gov.pl\/wps\/portal\/strefa-klienta\/katalog-spraw\/opis-uslugi\/pismo-ogolne-do-urzedu\/p4wroclaw\/\" target=\"_blank\" rel=\"noopener\">Elektroniczna Skrzynka Podawcza<\/a>[\/vc_column_text][vc_column_text css=&#8221;&#8221;]<img loading=\"lazy\" decoding=\"async\" class=\"alignnone wp-image-38559\" src=\"https:\/\/przedszkole4.edu.wroclaw.pl\/wp-content\/uploads\/sites\/11\/2025\/02\/images.png\" alt=\"\" width=\"158\" height=\"42\" srcset=\"https:\/\/przedszkole4.edu.wroclaw.pl\/wp-content\/uploads\/sites\/11\/2025\/02\/images.png 435w, https:\/\/przedszkole4.edu.wroclaw.pl\/wp-content\/uploads\/sites\/11\/2025\/02\/images-300x80.png 300w\" sizes=\"auto, (max-width: 158px) 100vw, 158px\" \/>\u00a0 \u00a0 \u00a0AE:PL-87087-75805-IJCUJ-24[\/vc_column_text][vc_column_text css=&#8221;&#8221;]<a href=\"https:\/\/przedszkole4.edu.wroclaw.pl\/wp-content\/uploads\/sites\/11\/2025\/02\/facebook-76658_640.png\"><img loading=\"lazy\" decoding=\"async\" class=\"wp-image-38555 alignnone\" src=\"https:\/\/przedszkole4.edu.wroclaw.pl\/wp-content\/uploads\/sites\/11\/2025\/02\/facebook-76658_640.png\" alt=\"\" width=\"134\" height=\"67\" srcset=\"https:\/\/przedszkole4.edu.wroclaw.pl\/wp-content\/uploads\/sites\/11\/2025\/02\/facebook-76658_640.png 640w, https:\/\/przedszkole4.edu.wroclaw.pl\/wp-content\/uploads\/sites\/11\/2025\/02\/facebook-76658_640-300x150.png 300w\" sizes=\"auto, (max-width: 134px) 100vw, 134px\" \/><\/a><a href=\"https:\/\/www.facebook.com\/profile.php?id=61572793176628\" target=\"_blank\" rel=\"noopener\">\u00a0 \u00a0Przedszkole nr 4 S\u0142owiczy Zak\u0105tek<\/a>[\/vc_column_text][vc_raw_html]JTNDdGFibGUlM0UlMEElM0N0ciUzRSUwQSUzQ3RkJTNFJTNDc3BhbiUyMGNsYXNzJTNEJTIycGUtcm91bmQlMjIlM0UlM0NzcGFuJTIwY2xhc3MlM0QlMjJmYSUyMGZhLXBob25lJTIwZmEtNXglMjIlMjBzdHlsZSUzRCUyMmNvbG9yJTNBJTIwJTIzMmU1ZTQ2JTNCJTIyJTNFJTNDJTJGc3BhbiUzRSUzQyUyRnNwYW4lM0UlMjAlM0MlMkZ0ZCUzRSUwQSUzQ3RkJTNFJTIwJTNDYiUyMHN0eWxlJTNEJTIyY29sb3IlM0ElMjMyZTVlNDYlM0IlMjIlM0VJbnNwZWt0b3IlMjBPY2hyb255JTIwRGFueWNoJTIwUHJ6ZWRzemtvbGElMjBuciUyMDQlM0MlMkZiJTNFJTNDYnIlM0UlMEElM0NzdHJvbmclM0VwLiUyMFRvbWFzeiUyMEdSWllCT1dTS0klMkMlMjAlM0MlMkZzdHJvbmclM0UlMjAlM0NzdHJvbmclM0V0ZWwuJTIwJTJCNDglMjA1MDElMjAwODMlMjA0ODIlM0MlMkZzdHJvbmclM0UlM0NiciUzRSUwQWFkcmVzJTIwZS1tYWlsJTNBJTIwaW5zcGVrdG9yJTQwY29yZWNvbnN1bHRpbmcucGwlM0NiciUzRSUwQSUzQyUyRnRkJTNFJTBBJTNDJTJGdHIlM0UlMEElM0MlMkZ0YWJsZSUzRSUwQQ==[\/vc_raw_html][\/vc_column][\/vc_row][vc_row][vc_column][vc_separator color=&#8221;green&#8221; border_width=&#8221;3&#8243; css=&#8221;&#8221;][vc_column_text css=&#8221;&#8221;]<\/p>\n<h2><strong>KSeF \u2013 wystawianie faktur dla Przedszkola nr 4 S\u0142owiczy Zak\u0105tek<\/strong><\/h2>\n<p>Je\u017celi zawarli\u015bcie Pa\u0144stwo umow\u0119 z Gmin\u0105 Wroc\u0142aw \/Przedszkolem nr 4 S\u0142owiczy Zak\u0105tek<em>\/<\/em>, bardzo prosz\u0119 o wystawianie faktur za \u015bwiadczone us\u0142ugi lub dostawy w nast\u0119puj\u0105cy spos\u00f3b:<\/p>\n<p><strong>Nabywca:<\/strong> Gmina Wroc\u0142aw, NIP 897 13 83 551<\/p>\n<p>plac Nowy Targ 1-8, 50-141 Wroc\u0142aw<\/p>\n<p><strong>Podmiot inny:<\/strong> Przedszkole nr 4 S\u0142owiczy Zak\u0105tek, NIP 899 24 59\u00a0555<\/p>\n<p>Ul. S\u0142owicza 7-9, 53-320 Wroc\u0142aw<\/p>\n<p>Je\u017celi wystawicie Pa\u0144stwo faktur\u0119 w spos\u00f3b wskazany powy\u017cej (tj. podacie Pa\u0144stwo na fakturze dwa numery NIP), faktura trafi z KSeF bezpo\u015brednio do w\u0142a\u015bciwej jednostki. Je\u017celi na fakturze nie b\u0119dzie podanego numeru NIP jednostki, utrudni i wyd\u0142u\u017cy to proces przydzielania faktury do odpowiedniej jednostki.<\/p>\n<p>Prosimy r\u00f3wnie\u017c o podawanie na fakturze numeru umowy\/zam\u00f3wienia.<\/p>\n<p>Powy\u017csze zasady dotycz\u0105 faktur wystawionych za po\u015brednictwem KSeF od dnia 01 lutego 2026 r.[\/vc_column_text][\/vc_column][\/vc_row][vc_row][vc_column][\/vc_column][\/vc_row]<\/p>\n<\/div>","protected":false},"excerpt":{"rendered":"<p>[vc_row full_width=&#8221;1&#8243;][vc_column][vc_raw_html]JTNDaWZyYW1lJTIwd2lkdGglM0QlMjIxMDAlMjUlMjIlMjBoZWlnaHQlM0QlMjI1MDAlMjIlMjBpZCUzRCUyMmdtYXBfY2FudmFzJTIyJTIwc3JjJTNEJTIyaHR0cHMlM0ElMkYlMkZtYXBzLmdvb2dsZS5jb20lMkZtYXBzJTNGcSUzRFMlMjVDNSUyNTgyb3dpY3phJTI1MjA3LTklMjUyQyUyNTIwNTMtMzIwJTI1MjBXcm9jJTI1QzUlMjU4MmF3JTI2dCUzRCUyNnolM0QxMyUyNmllJTNEVVRGOCUyNml3bG9jJTNEJTI2b3V0cHV0JTNEZW1iZWQlMjIlMjBmcmFtZWJvcmRlciUzRCUyMjAlMjIlMjBzY3JvbGxpbmclM0QlMjJubyUyMiUyMG1hcmdpbmhlaWdodCUzRCUyMjAlMjIlMjBtYXJnaW53aWR0aCUzRCUyMjAlMjIlM0UlM0MlMkZpZnJhbWUlM0U=[\/vc_raw_html][\/vc_column][\/vc_row][vc_row row_head_color=&#8221;#575656&#8243;][vc_column width=&#8221;1\/2&#8243; css=&#8221;.vc_custom_1447931732230{background-position: center !important;background-repeat: no-repeat !important;background-size: cover !important;}&#8221;][vc_single_image image=&#8221;3262&#8243; img_size=&#8221;full&#8221;][vc_column_text css=&#8221;&#8221;] Sp\u00f3\u017anienia dzieci mo\u017cna zg\u0142asza\u0107 bezpo\u015brednio nauczycielkom w grupach do godziny 8.30. Telefon 71 798 67 88, [&hellip;]<\/p>\n","protected":false},"author":7,"featured_media":0,"parent":0,"menu_order":0,"comment_status":"closed","ping_status":"closed","template":"","meta":{"footnotes":""},"class_list":["post-264","page","type-page","status-publish","hentry","clearfix"],"_links":{"self":[{"href":"https:\/\/przedszkole4.edu.wroclaw.pl\/index.php\/wp-json\/wp\/v2\/pages\/264","targetHints":{"allow":["GET"]}}],"collection":[{"href":"https:\/\/przedszkole4.edu.wroclaw.pl\/index.php\/wp-json\/wp\/v2\/pages"}],"about":[{"href":"https:\/\/przedszkole4.edu.wroclaw.pl\/index.php\/wp-json\/wp\/v2\/types\/page"}],"author":[{"embeddable":true,"href":"https:\/\/przedszkole4.edu.wroclaw.pl\/index.php\/wp-json\/wp\/v2\/users\/7"}],"replies":[{"embeddable":true,"href":"https:\/\/przedszkole4.edu.wroclaw.pl\/index.php\/wp-json\/wp\/v2\/comments?post=264"}],"version-history":[{"count":54,"href":"https:\/\/przedszkole4.edu.wroclaw.pl\/index.php\/wp-json\/wp\/v2\/pages\/264\/revisions"}],"predecessor-version":[{"id":42654,"href":"https:\/\/przedszkole4.edu.wroclaw.pl\/index.php\/wp-json\/wp\/v2\/pages\/264\/revisions\/42654"}],"wp:attachment":[{"href":"https:\/\/przedszkole4.edu.wroclaw.pl\/index.php\/wp-json\/wp\/v2\/media?parent=264"}],"curies":[{"name":"wp","href":"https:\/\/api.w.org\/{rel}","templated":true}]}}