
{"id":12619,"date":"2018-05-28T14:36:20","date_gmt":"2018-05-28T12:36:20","guid":{"rendered":"https:\/\/przedszkole4.edu.wroclaw.pl\/?page_id=12619"},"modified":"2026-01-28T20:17:08","modified_gmt":"2026-01-28T19:17:08","slug":"mamo-tato-pocwicz-ze-mna-2","status":"publish","type":"page","link":"https:\/\/przedszkole4.edu.wroclaw.pl\/index.php\/mamo-tato-pocwicz-ze-mna-2\/","title":{"rendered":"Przerwa wakacyjna"},"content":{"rendered":"<div class=\"wpb-content-wrapper\"><p>[vc_row][vc_column][vc_column_text css=&#8221;&#8221;]<\/p>\n<h2 style=\"text-align: center\"><b>Na podstawie \u00a7 12 ust.1 rozporz\u0105dzenia Ministra Edukacji Narodowej z dnia 28 lutego 2019 r. w sprawie szczeg\u00f3\u0142owej organizacji publicznych szk\u00f3\u0142 i publicznych przedszkoli (Dz. U. z 2019 r., poz. 502 z p\u00f3\u017an. zm.) <span style=\"color: #ff0000\">w roku szkolnym 2025\/2026<\/span> ustala si\u0119 przerw\u0119 w funkcjonowaniu Przedszkola nr 4 w terminie 1-31 sierpnia 2026 r.<\/b><\/h2>\n<p>[\/vc_column_text][\/vc_column][\/vc_row]<\/p>\n<\/div>","protected":false},"excerpt":{"rendered":"<p>[vc_row][vc_column][vc_column_text css=&#8221;&#8221;] Na podstawie \u00a7 12 ust.1 rozporz\u0105dzenia Ministra Edukacji Narodowej z dnia 28 lutego 2019 r. w sprawie szczeg\u00f3\u0142owej organizacji publicznych szk\u00f3\u0142 i publicznych przedszkoli (Dz. U. z 2019 [&hellip;]<\/p>\n","protected":false},"author":15,"featured_media":0,"parent":0,"menu_order":0,"comment_status":"closed","ping_status":"closed","template":"","meta":{"footnotes":""},"class_list":["post-12619","page","type-page","status-publish","hentry","clearfix"],"_links":{"self":[{"href":"https:\/\/przedszkole4.edu.wroclaw.pl\/index.php\/wp-json\/wp\/v2\/pages\/12619","targetHints":{"allow":["GET"]}}],"collection":[{"href":"https:\/\/przedszkole4.edu.wroclaw.pl\/index.php\/wp-json\/wp\/v2\/pages"}],"about":[{"href":"https:\/\/przedszkole4.edu.wroclaw.pl\/index.php\/wp-json\/wp\/v2\/types\/page"}],"author":[{"embeddable":true,"href":"https:\/\/przedszkole4.edu.wroclaw.pl\/index.php\/wp-json\/wp\/v2\/users\/15"}],"replies":[{"embeddable":true,"href":"https:\/\/przedszkole4.edu.wroclaw.pl\/index.php\/wp-json\/wp\/v2\/comments?post=12619"}],"version-history":[{"count":25,"href":"https:\/\/przedszkole4.edu.wroclaw.pl\/index.php\/wp-json\/wp\/v2\/pages\/12619\/revisions"}],"predecessor-version":[{"id":42767,"href":"https:\/\/przedszkole4.edu.wroclaw.pl\/index.php\/wp-json\/wp\/v2\/pages\/12619\/revisions\/42767"}],"wp:attachment":[{"href":"https:\/\/przedszkole4.edu.wroclaw.pl\/index.php\/wp-json\/wp\/v2\/media?parent=12619"}],"curies":[{"name":"wp","href":"https:\/\/api.w.org\/{rel}","templated":true}]}}