
{"id":11904,"date":"2018-01-18T18:49:59","date_gmt":"2018-01-18T17:49:59","guid":{"rendered":"https:\/\/przedszkole4.edu.wroclaw.pl\/?page_id=11904"},"modified":"2023-02-16T14:24:15","modified_gmt":"2023-02-16T13:24:15","slug":"mamo-tato-pocwicz-ze-mna","status":"publish","type":"page","link":"https:\/\/przedszkole4.edu.wroclaw.pl\/index.php\/mamo-tato-pocwicz-ze-mna\/","title":{"rendered":"RODO"},"content":{"rendered":"<div class=\"wpb-content-wrapper\"><p>[vc_row][vc_column][vc_column_text]<\/p>\n<h3>INSPEKTOR OCHRONY DANYCH W PRZEDSZKOLU NR 4:<\/h3>\n<h3>P. Tomasz Grzybowski<\/h3>\n<h3>adres e-mail: inspektor@coreconsulting.pl<\/h3>\n<h3>tel. +48 501 083 482<\/h3>\n<p>[\/vc_column_text][\/vc_column][\/vc_row][vc_row][vc_column][vc_column_text]<\/p>\n<ul>\n<li><a href=\"https:\/\/przedszkole4.edu.wroclaw.pl\/wp-content\/uploads\/sites\/11\/2023\/01\/Zal.-7r.-Klauzula-przyjecie-dziecka-w-ramach-dyzuru-wakacyjnego-w-P4.pdf\" target=\"_blank\" rel=\"noopener\">KLAUZULA INFORMACYJNA &#8211; W ZWI\u0104ZKU Z POBYTEM DZIECKA W RAMACH PE\u0141NIONEGO DY\u017bURU WAKACYJNEGO W PRZEDSZKOLU NR 4 WE WROC\u0141AWIU<\/a><\/li>\n<li><a href=\"https:\/\/przedszkole4.edu.wroclaw.pl\/wp-content\/uploads\/sites\/11\/2020\/12\/Kauzula-wolontariusz.pdf\" target=\"_blank\" rel=\"noopener\">KLAUZULA INFORMACYJNA &#8211; WOLONTARIAT<\/a><\/li>\n<li><a href=\"https:\/\/przedszkole4.edu.wroclaw.pl\/wp-content\/uploads\/sites\/11\/2020\/12\/Klauzula-dla-osob-upowaznionych-do-odbioru-dziecka-z-przedszkola.pdf\" target=\"_blank\" rel=\"noopener\">KLAUZULA INFORMACYJNA\u2013 DLA OS\u00d3B UPOWA\u017bNIONYCH DO ODBIORU DZIECKA Z PRZEDSZKOLA<\/a><\/li>\n<li><a href=\"https:\/\/przedszkole4.edu.wroclaw.pl\/wp-content\/uploads\/sites\/11\/2020\/12\/Klauzula-edukacja-dziecka-w-placowce.pdf\" target=\"_blank\" rel=\"noopener\">KLAUZULA INFORMACYJNA\u2013 EDUKACJA DZIECKA W PLAC\u00d3WCE<\/a><\/li>\n<li><a href=\"https:\/\/przedszkole4.edu.wroclaw.pl\/wp-content\/uploads\/sites\/11\/2020\/12\/Klauzula-korespondencja-elektroniczna.pdf\" target=\"_blank\" rel=\"noopener\">KLAUZULA INFORMACYJNA \u2013 KORESPONDENCJA ELEKTRONICZNA<\/a><\/li>\n<li><a href=\"https:\/\/przedszkole4.edu.wroclaw.pl\/wp-content\/uploads\/sites\/11\/2020\/12\/Klauzula-opiekun-wycieczki.pdf\" target=\"_blank\" rel=\"noopener\">KLAUZULA INFORMACYJNA &#8211; OPIEKUN WYCIECZKI<\/a><\/li>\n<li><a href=\"https:\/\/przedszkole4.edu.wroclaw.pl\/wp-content\/uploads\/sites\/11\/2020\/12\/Klauzula-rekrutacja-pracownika.pdf\">KLAUZULA \u00a0INFORMACYJNA &#8211; REKRUTACJA PRACOWNIKA<\/a><\/li>\n<li><a href=\"https:\/\/przedszkole4.edu.wroclaw.pl\/wp-content\/uploads\/sites\/11\/2023\/01\/Zal.-7m.-Klauzula-pracownik-samorzadowy.pdf\" target=\"_blank\" rel=\"noopener\">KLAUZULA INFORMACYJNA &#8211; PRACOWNIK SAMORZ\u0104DOWY<\/a><\/li>\n<li><a href=\"https:\/\/przedszkole4.edu.wroclaw.pl\/wp-content\/uploads\/sites\/11\/2020\/12\/Klauzula-strona-www.pdf\" target=\"_blank\" rel=\"noopener\">KLAUZULA INFORMACYJNA\u2013 KORZYSTANIE ZE STRONY INTERNETOWEJ \u202fhttps:\/\/przedszkole4.edu.wroclaw.pl<\/a><\/li>\n<li><a href=\"https:\/\/przedszkole4.edu.wroclaw.pl\/wp-content\/uploads\/sites\/11\/2020\/12\/Klauzula-umowa-najmu.pdf\" target=\"_blank\" rel=\"noopener\">KLAUZULA INFORMACYJNA\u2013 UMOWA NAJMU<\/a><\/li>\n<li><a href=\"https:\/\/przedszkole4.edu.wroclaw.pl\/wp-content\/uploads\/sites\/11\/2020\/12\/Klauzula-zamowienia-publiczne.pdf\" target=\"_blank\" rel=\"noopener\">KLAUZULA INFORMACYJNA\u2013 POST\u0118POWANIE O UDZIELENIE ZAM\u00d3WIENIA PUBLICZNEGO<\/a><\/li>\n<li><a href=\"https:\/\/przedszkole4.edu.wroclaw.pl\/wp-content\/uploads\/sites\/11\/2020\/12\/Klauzula-zlozenie-pisma-w-placowce.pdf\" target=\"_blank\" rel=\"noopener\">KLAUZULA INFORMACYJNA &#8211; Z\u0141O\u017bENIE PISMA W PLAC\u00d3WCE<\/a><\/li>\n<li><a href=\"https:\/\/przedszkole4.edu.wroclaw.pl\/wp-content\/uploads\/sites\/11\/2020\/12\/Klauzula-praktykanci.pdf\" target=\"_blank\" rel=\"noopener\">KLAUZULA INFORMACYJNA &#8211; PRAKTYKANT<\/a><\/li>\n<li><a href=\"https:\/\/przedszkole4.edu.wroclaw.pl\/wp-content\/uploads\/sites\/11\/2020\/12\/Zal.-7b.-Klauzula-postepowanie-administracyjne.pdf\" target=\"_blank\" rel=\"noopener\">KLAUZULA\u00a0INFORMACYJNA- POST\u0118POWANIE\u00a0ADMINISTRACYJNE<\/a><\/li>\n<li><a href=\"https:\/\/przedszkole4.edu.wroclaw.pl\/wp-content\/uploads\/sites\/11\/2020\/12\/Zal.-7f.-Klauzula-umowa.pdf\" target=\"_blank\" rel=\"noopener\">KLAUZULA INFORMACYJNA\u2013 ZAWARCIE UMOWY<\/a><\/li>\n<li><a href=\"https:\/\/przedszkole4.edu.wroclaw.pl\/wp-content\/uploads\/sites\/11\/2020\/12\/Zal.-7s-Klauzula-praca-spolecznie-uzyteczna.pdf\" target=\"_blank\" rel=\"noopener\">KLAUZULA INFORMACYJNA &#8211; PRACA SPO\u0141ECZNIE U\u017bYTECZNA<\/a><\/li>\n<li><a href=\"https:\/\/przedszkole4.edu.wroclaw.pl\/wp-content\/uploads\/sites\/11\/2020\/12\/Zal.-7l.-Klauzula-pracownik-nauczyciel.pdf\" target=\"_blank\" rel=\"noopener\">KLAUZULA INFORMACYJNA ZATRUDNIENIE \u2013 NAUCZYCIEL<\/a><\/li>\n<li><a href=\"https:\/\/przedszkole4.edu.wroclaw.pl\/wp-content\/uploads\/sites\/11\/2020\/12\/Zal.-7w.-Klauzula-Fundusz-Zdrowotny.pdf\" target=\"_blank\" rel=\"noopener\">KLAUZULA INFORMACYJNA &#8211; FUNDUSZ ZDROWOTNY<\/a><\/li>\n<li><a href=\"https:\/\/przedszkole4.edu.wroclaw.pl\/wp-content\/uploads\/sites\/11\/2023\/02\/Zal.-7y.-Klauzula-PPK.pdf\" target=\"_blank\" rel=\"noopener\">KLAUZULA INFORMACYJNA &#8211; PRACOWNICZE PLANY KAPITA\u0141OWE (PPK)<\/a><\/li>\n<li><a href=\"https:\/\/przedszkole4.edu.wroclaw.pl\/wp-content\/uploads\/sites\/11\/2020\/12\/Zal.-12a.-Kluzula-monitoring.pdf\" target=\"_blank\" rel=\"noopener\">KLAUZULA INFORMACYJNA \u2013 MONITORING<\/a><\/li>\n<li><a href=\"https:\/\/przedszkole4.edu.wroclaw.pl\/wp-content\/uploads\/sites\/11\/2023\/01\/REGULAMIN-MONITORINGU-2023-skan.pdf\" target=\"_blank\" rel=\"noopener\">REGULAMIN MONITORINGU WIZYJNEGO<\/a><\/li>\n<li><a href=\"https:\/\/przedszkole4.edu.wroclaw.pl\/wp-content\/uploads\/sites\/11\/2023\/01\/Zal.-7o.-Klauzula-ewidencja-wejsc-i-wyjsc.pdf\" target=\"_blank\" rel=\"noopener\">KLAUZULA INFORMACYJNA &#8211; EWIDENCJA WEJ\u015a\u0106 I WYJ\u015a\u0106<\/a><\/li>\n<li><a href=\"https:\/\/przedszkole4.edu.wroclaw.pl\/wp-content\/uploads\/sites\/11\/2021\/05\/Zal.-7g.-Klauzula-zamowienia-publiczne.pdf\" target=\"_blank\" rel=\"noopener\">KLAUZULA INFORMACYJNA \u2013 POST\u0118POWANIE O UDZIELENIE ZAM\u00d3WIENIA PUBLICZNEGO<\/a><\/li>\n<li><a href=\"https:\/\/przedszkole4.edu.wroclaw.pl\/wp-content\/uploads\/sites\/11\/2023\/01\/Zal.-7t.-Klauzula-ZFSS.pdf\" target=\"_blank\" rel=\"noopener\">KLAUZULA INFORMACYJNA &#8211; ZF\u015aS<\/a><\/li>\n<\/ul>\n<p>[\/vc_column_text][vc_empty_space][\/vc_column][\/vc_row]<\/p>\n<\/div>","protected":false},"excerpt":{"rendered":"<p>[vc_row][vc_column][vc_column_text] INSPEKTOR OCHRONY DANYCH W PRZEDSZKOLU NR 4: P. Tomasz Grzybowski adres e-mail: inspektor@coreconsulting.pl tel. +48 501 083 482 [\/vc_column_text][\/vc_column][\/vc_row][vc_row][vc_column][vc_column_text] KLAUZULA INFORMACYJNA &#8211; W ZWI\u0104ZKU Z POBYTEM DZIECKA W RAMACH [&hellip;]<\/p>\n","protected":false},"author":18,"featured_media":0,"parent":0,"menu_order":0,"comment_status":"closed","ping_status":"closed","template":"","meta":{"footnotes":""},"class_list":["post-11904","page","type-page","status-publish","hentry","clearfix"],"_links":{"self":[{"href":"https:\/\/przedszkole4.edu.wroclaw.pl\/index.php\/wp-json\/wp\/v2\/pages\/11904","targetHints":{"allow":["GET"]}}],"collection":[{"href":"https:\/\/przedszkole4.edu.wroclaw.pl\/index.php\/wp-json\/wp\/v2\/pages"}],"about":[{"href":"https:\/\/przedszkole4.edu.wroclaw.pl\/index.php\/wp-json\/wp\/v2\/types\/page"}],"author":[{"embeddable":true,"href":"https:\/\/przedszkole4.edu.wroclaw.pl\/index.php\/wp-json\/wp\/v2\/users\/18"}],"replies":[{"embeddable":true,"href":"https:\/\/przedszkole4.edu.wroclaw.pl\/index.php\/wp-json\/wp\/v2\/comments?post=11904"}],"version-history":[{"count":39,"href":"https:\/\/przedszkole4.edu.wroclaw.pl\/index.php\/wp-json\/wp\/v2\/pages\/11904\/revisions"}],"predecessor-version":[{"id":31079,"href":"https:\/\/przedszkole4.edu.wroclaw.pl\/index.php\/wp-json\/wp\/v2\/pages\/11904\/revisions\/31079"}],"wp:attachment":[{"href":"https:\/\/przedszkole4.edu.wroclaw.pl\/index.php\/wp-json\/wp\/v2\/media?parent=11904"}],"curies":[{"name":"wp","href":"https:\/\/api.w.org\/{rel}","templated":true}]}}